{"id":112,"date":"2024-12-03T22:30:12","date_gmt":"2024-12-03T22:30:12","guid":{"rendered":"https:\/\/noclegi-katowice.com.pl\/index.php\/about-us-ii\/"},"modified":"2025-04-26T15:04:40","modified_gmt":"2025-04-26T15:04:40","slug":"o-nas","status":"publish","type":"page","link":"https:\/\/noclegi-katowice.com.pl\/index.php\/o-nas\/","title":{"rendered":"O nas"},"content":{"rendered":"<div class=\"wpb-content-wrapper\"><p>[vc_row fixed_width=&#8221;true&#8221; css=&#8221;.vc_custom_1627562291998{margin-top: 0px !important;margin-bottom: 0px !important;border-top-width: 0px !important;border-bottom-width: 0px !important;padding-top: 10px !important;padding-bottom: 0px !important;}&#8221;][vc_column css=&#8221;.vc_custom_1627562322556{margin-top: 0px !important;margin-bottom: 0px !important;border-top-width: 0px !important;border-bottom-width: 0px !important;padding-top: 0px !important;padding-bottom: 0px !important;}&#8221;]<div class=\"sohohotel-fixed-height-text-image-wrapper sohohotel-clearfix\"><div class=\"sohohotel-fixed-height-text-wrapper sohohotel-fixed-height-text-wrapper-left\"><h3 class=\"sohohotel-title-28px sohohotel-clearfix sohohotel-title-left\">Nasz Hostel<\/h3><\/p>\n<p>Oferujemy Pa\u0144stwu miejsca noclegowe w pokojach jedno-, dwu-, trzy-, cztero- oraz pi\u0119cioosobowych, przy jednoczesnym zachowaniu wysokiego standardu us\u0142ug w tego typu obiektach (lobby z telewizj\u0105 satelitarn\u0105, kuchnia z jadalni\u0105, telefon, obs\u0142uga kart p\u0142atniczych, internet Wi-Fi).<\/p>\n<p>Z okien pokoi roztacza si\u0119 wspania\u0142y widok na t\u0119tni\u0105ce \u017cyciem i bogate w niepowtarzaln\u0105 architektur\u0119 centrum Katowic.<\/p>\n<p>Hostel oferuje bezp\u0142atne \u015bniadanie kontynentalne w formie bufetu, dost\u0119pne codziennie od godziny 6:00 do 10:00. W ramach \u015bniadania serwowane jest pieczywo tostowe, mas\u0142o, smarowid\u0142a, p\u0142atki \u015bniadaniowe oraz mleko.<\/p>\n<p>Dodatkowo, przez ca\u0142\u0105 dob\u0119 go\u015bcie mog\u0105 korzysta\u0107 z darmowej kawy oraz herbaty. Na ka\u017cdym pi\u0119trze znajduj\u0105 si\u0119 lod\u00f3wki dost\u0119pne dla klient\u00f3w, co umo\u017cliwia wygodne przechowywanie produkt\u00f3w.<\/div><div class=\"sohohotel-fixed-height-image-wrapper sohohotel-fixed-height-image-wrapper-right\"><div class=\"sohohotel-fixed-height-image\" style=\"background-image: url(https:\/\/noclegi-katowice.com.pl\/wp-content\/uploads\/2024\/12\/397628833_upscayl_4x_realesrgan-x4plus-e1735176982774.png); background-size: 1152px 865px; height: 865px;\"><\/div><\/div><\/div><div class=\"sohohotel-fixed-height-text-image-wrapper sohohotel-clearfix\"><div class=\"sohohotel-fixed-height-text-wrapper sohohotel-fixed-height-text-wrapper-right\"><h3 class=\"sohohotel-title-28px sohohotel-clearfix sohohotel-title-left\">Lokalizacja<\/h3><\/p>\n<p class=\"\" data-start=\"104\" data-end=\"344\">Hostel Rynek 7 po\u0142o\u017cony jest w \u015bcis\u0142ym centrum Katowic, tu\u017c przy malowniczym Rynku, sk\u0105d roztacza si\u0119 wyj\u0105tkowy widok na t\u0119tni\u0105ce \u017cyciem miasto. Lokalizacja zapewnia \u0142atwy dost\u0119p do najwa\u017cniejszych atrakcji, restauracji, kawiarni i sklep\u00f3w.<\/p>\n<p class=\"\" data-start=\"346\" data-end=\"545\">W tym samym budynku mie\u015bci si\u0119 McDonald&#8217;s, kilka krok\u00f3w dalej znajduje si\u0119 \u017babka, a tu\u017c obok przebiega linia tramwajowa, co zapewnia szybki dost\u0119p do codziennych zakup\u00f3w, przek\u0105sek oraz wygodne po\u0142\u0105czenia z innymi cz\u0119\u015bciami miasta.<\/p>\n<p class=\"\" data-start=\"547\" data-end=\"906\">Zaledwie kilka minut spacerem dzieli go\u015bci od s\u0142ynnej Hali Widowiskowo-Sportowej Spodek, Teatru \u015al\u0105skiego oraz Galerii Katowickiej, idealnej na zakupy. W okolicy znajduje si\u0119 r\u00f3wnie\u017c wiele zielonych skwer\u00f3w, \u015bwietnych na spacer, a pobliskie przystanki komunikacji miejskiej oraz dworzec kolejowy gwarantuj\u0105 wygodne po\u0142\u0105czenia z ka\u017cd\u0105 cz\u0119\u015bci\u0105 miasta i regionu.<\/p>\n<p><\/div><div class=\"sohohotel-fixed-height-image-wrapper sohohotel-fixed-height-image-wrapper-left\"><div class=\"sohohotel-fixed-height-image\" style=\"background-image: url(https:\/\/noclegi-katowice.com.pl\/wp-content\/uploads\/2025\/02\/281932900_upscayl_3x_realesrgan-x4plus-e1735177233863.webp); background-size: 1279px 960px; height: 960px;\"><\/div><\/div><\/div>\t\n\t<!-- BEGIN .sohohotel-testimonial-wrapper -->\n\t<div class=\"sohohotel-testimonial-wrapper sohohotel-testimonial-wrapper-light\" style=\"background-image:url();\">\n\t\t\n\t\t<div class=\"sohohotel-testimonial-overlay\"><\/div>\n\t\t\n\t\t\t\t<h3 class=\"sohohotel-title-28px sohohotel-clearfix sohohotel-title-center\">Opinie<\/h3>\n\t\t\t\t\n\t\t\t\t\n\t\t\t<!-- BEGIN .sohohotel-testimonial-list- -->\n\t\t\t<div class=\"sohohotel-testimonial-list sohohotel-owl-carousel-1\">\n\t\n\t\t\t\t\t\t\t\n\t\t\t\t\t\t\t\t\n\t\t\t\t<!-- BEGIN .sohohotel-testimonial-block -->\n\t\t\t\t<div class=\"sohohotel-testimonial-block\">\n\t\t\t\t\t\n\t\t\t\t\t<div>\n\t\t\t\t\t\t<span class=\"sohohotel-open-quote\">\u201c<\/span>\n\t\t\t\t\t\t\t\t\t\t\t\t<p>Hostel bardzo dobrze umiejscowiony. Doskona\u0142a lokalizacja &#8211; 5 min. Piechota do PKP, blisko spodka, samo centrum miasta. Pokoje przygotowane odpowiednio jak na hostel. Mia\u0142am mo\u017cliwo\u015b\u0107 zobaczy\u0107 kilka pokoi podczas sprz\u0105tania i warunki s\u0105 doskona\u0142e. \u0141\u00f3\u017cka pojedyncze, z szafkami i lustrami. Kilka pokoi ma w\u0142asne \u0142azienki. Hostel bardzo du\u017cy&#8230;<\/p>\n<a href=\"https:\/\/noclegi-katowice.com.pl\/index.php\/testimonials\/testimonial-1\/\" class=\"sohohotel-more-link\">Read More<\/a>\t\t\t\t\t\t<span class=\"sohohotel-close-quote\">\u201d<\/span>\n\t\t\t\t\t<\/div>\n\n\t\t\t\t\t\n\t\t\t\t\t<div class=\"sohohotel-testimonial-author\"><p>- Elwira Rudy-Zubrzycka - <span><\/span><\/p><\/div>\n\n\t\t\t\t<!-- END .sohohotel-testimonial-block -->\n\t\t\t\t<\/div>\n\t\t\t\n\t\t\t\t\t\t\t\n\t\t\t\t\t\t\t\t\n\t\t\t\t<!-- BEGIN .sohohotel-testimonial-block -->\n\t\t\t\t<div class=\"sohohotel-testimonial-block\">\n\t\t\t\t\t\n\t\t\t\t\t<div>\n\t\t\t\t\t\t<span class=\"sohohotel-open-quote\">\u201c<\/span>\n\t\t\t\t\t\t\t\t\t\t\t\t<p>Bardzo polecam to miejsce! Wiadomo, nie jest to hotel 5-gwiazdkowy, ale wspania\u0142a lokalizacja oraz przemi\u0142a i pomocna obs\u0142uga wszystko nadrabia. Dodatkowym atutem s\u0105 \u015bniadania w cenie (a cena te\u017c jest bardzo zach\u0119caj\u0105ca), s\u0105 to podstawowe produkty typu p\u0142atki czy d\u017cem, ale i tak lepiej co\u015b ni\u017c nic. Ca\u0142y obiekt jest bardzo czysty&#8230;<\/p>\n<a href=\"https:\/\/noclegi-katowice.com.pl\/index.php\/testimonials\/testimonial-2\/\" class=\"sohohotel-more-link\">Read More<\/a>\t\t\t\t\t\t<span class=\"sohohotel-close-quote\">\u201d<\/span>\n\t\t\t\t\t<\/div>\n\n\t\t\t\t\t\n\t\t\t\t\t<div class=\"sohohotel-testimonial-author\"><p>- Adrianna Prasa\u0142 - <span><\/span><\/p><\/div>\n\n\t\t\t\t<!-- END .sohohotel-testimonial-block -->\n\t\t\t\t<\/div>\n\t\t\t\n\t\t\t\t\t\t\t\n\t\t\t\t\t\t\t\t\n\t\t\t\t<!-- BEGIN .sohohotel-testimonial-block -->\n\t\t\t\t<div class=\"sohohotel-testimonial-block\">\n\t\t\t\t\t\n\t\t\t\t\t<div>\n\t\t\t\t\t\t<span class=\"sohohotel-open-quote\">\u201c<\/span>\n\t\t\t\t\t\t\t\t\t\t\t\t<p>fantastyczna lokalizacja, ode mnie te\u017c du\u017cy plus za pana na recepcji na nocce, kt\u00f3ry bardzo pilnowa\u0142, \u017ceby po koncercie jakie\u015b randomowe osoby nie wchodzi\u0142y do \u015brodka, tak\u017ce poczucie bezpiecze\u0144stwa 10\/10. w og\u00f3le bardzo mili ludzie na recepcji. by\u0142a kuchnia i og\u00f3lnodost\u0119pne kawa i herbata. og\u00f3lnie hostel jest taki idealny na jedn\u0105 czy dwie noce&#8230;<\/p>\n<a href=\"https:\/\/noclegi-katowice.com.pl\/index.php\/testimonials\/testimonial-3\/\" class=\"sohohotel-more-link\">Read More<\/a>\t\t\t\t\t\t<span class=\"sohohotel-close-quote\">\u201d<\/span>\n\t\t\t\t\t<\/div>\n\n\t\t\t\t\t\n\t\t\t\t\t<div class=\"sohohotel-testimonial-author\"><p>- Agata Wyciszkiewicz - <span><\/span><\/p><\/div>\n\n\t\t\t\t<!-- END .sohohotel-testimonial-block -->\n\t\t\t\t<\/div>\n\t\t\t\n\t\t\t\t\t\t\t\n\t\t\t\t\t\t\t\t\n\t\t\t\t<!-- BEGIN .sohohotel-testimonial-block -->\n\t\t\t\t<div class=\"sohohotel-testimonial-block\">\n\t\t\t\t\t\n\t\t\t\t\t<div>\n\t\t\t\t\t\t<span class=\"sohohotel-open-quote\">\u201c<\/span>\n\t\t\t\t\t\t\t\t\t\t\t\t<p>Swietna lokalizacja. Skromnie ale czysciutko i jest wszystko czego potrzeba. W tej cenie oceniam na bardzo silne 5 gwiazdek.<\/p>\n<a href=\"https:\/\/noclegi-katowice.com.pl\/index.php\/testimonials\/testimonial-4\/\" class=\"sohohotel-more-link\">Read More<\/a>\t\t\t\t\t\t<span class=\"sohohotel-close-quote\">\u201d<\/span>\n\t\t\t\t\t<\/div>\n\n\t\t\t\t\t\n\t\t\t\t\t<div class=\"sohohotel-testimonial-author\"><p>- Majk Lapinsky - <span><\/span><\/p><\/div>\n\n\t\t\t\t<!-- END .sohohotel-testimonial-block -->\n\t\t\t\t<\/div>\n\t\t\t\n\t\t\t\t\t\n\t\t\t<!-- END .sohohotel-testimonial-list -->\n\t\t\t<\/div>\n\t\t\n\t\t\t\t\n\t<!-- END .sohohotel-testimonial-wrapper -->\n\t<\/div>\n\t\t\n\t[\/vc_column][\/vc_row][vc_row css=&#8221;.vc_custom_1627553435640{margin-top: 0px !important;margin-right: 0px !important;margin-bottom: 45px !important;margin-left: 0px !important;border-top-width: 0px !important;border-right-width: 0px !important;border-bottom-width: 0px !important;border-left-width: 0px !important;padding-top: 0px !important;padding-right: 0px !important;padding-bottom: 0px !important;padding-left: 0px !important;}&#8221;][vc_column css=&#8221;.vc_custom_1627553414681{margin-top: 0px !important;margin-right: 0px !important;margin-bottom: 0px !important;margin-left: 0px !important;border-top-width: 0px !important;border-right-width: 0px !important;border-bottom-width: 0px !important;border-left-width: 0px !important;padding-top: 0px !important;padding-right: 0px !important;padding-bottom: 0px !important;padding-left: 0px !important;}&#8221;][vc_separator color=&#8221;custom&#8221; accent_color=&#8221;#dedede&#8221;][\/vc_column][\/vc_row][vc_row css=&#8221;.vc_custom_1627562303197{margin-top: 0px !important;margin-bottom: 10px !important;border-top-width: 0px !important;border-bottom-width: 0px !important;padding-top: 0px !important;padding-bottom: 0px !important;}&#8221;][vc_column css=&#8221;.vc_custom_1627562333686{margin-top: 0px !important;margin-bottom: 0px !important;border-top-width: 0px !important;border-bottom-width: 0px !important;padding-top: 0px !important;padding-bottom: 0px !important;}&#8221;][\/vc_column][\/vc_row]<\/p>\n<\/div>","protected":false},"excerpt":{"rendered":"<p>[vc_row fixed_width=&#8221;true&#8221; css=&#8221;.vc_custom_1627562291998{margin-top: 0px !important;margin-bottom: 0px !important;border-top-width: 0px !important;border-bottom-width: 0px !important;padding-top: 10px !important;padding-bottom: 0px !important;}&#8221;][vc_column css=&#8221;.vc_custom_1627562322556{margin-top: 0px !important;margin-bottom: 0px !important;border-top-width: 0px !important;border-bottom-width: 0px !important;padding-top: 0px !important;padding-bottom: 0px !important;}&#8221;][\/vc_column][\/vc_row][vc_row css=&#8221;.vc_custom_1627553435640{margin-top: 0px !important;margin-right: 0px !important;margin-bottom: 45px !important;margin-left: 0px !important;border-top-width: 0px !important;border-right-width: 0px !important;border-bottom-width: 0px !important;border-left-width: 0px !important;padding-top: 0px !important;padding-right: 0px !important;padding-bottom: 0px !important;padding-left: 0px !important;}&#8221;][vc_column css=&#8221;.vc_custom_1627553414681{margin-top: 0px<\/p>\n<a href=\"https:\/\/noclegi-katowice.com.pl\/index.php\/testimonials\/testimonial-4\/\" class=\"sohohotel-more-link\">Read More<\/a>","protected":false},"author":1,"featured_media":0,"parent":0,"menu_order":0,"comment_status":"closed","ping_status":"closed","template":"","meta":{"footnotes":""},"class_list":["post-112","page","type-page","status-publish","hentry"],"yoast_head":"<!-- This site is optimized with the Yoast SEO plugin v24.2 - https:\/\/yoast.com\/wordpress\/plugins\/seo\/ -->\n<title>O nas - Hostel Rynek 7<\/title>\n<meta name=\"robots\" content=\"index, follow, max-snippet:-1, max-image-preview:large, max-video-preview:-1\" \/>\n<link rel=\"canonical\" href=\"https:\/\/noclegi-katowice.com.pl\/index.php\/o-nas\/\" \/>\n<meta property=\"og:locale\" content=\"pl_PL\" \/>\n<meta property=\"og:type\" content=\"article\" \/>\n<meta property=\"og:title\" content=\"O nas - Hostel Rynek 7\" \/>\n<meta property=\"og:description\" content=\"[vc_row fixed_width=&#8221;true&#8221; css=&#8221;.vc_custom_1627562291998{margin-top: 0px !important;margin-bottom: 0px !important;border-top-width: 0px !important;border-bottom-width: 0px !important;padding-top: 10px !important;padding-bottom: 0px !important;}&#8221;][vc_column css=&#8221;.vc_custom_1627562322556{margin-top: 0px !important;margin-bottom: 0px !important;border-top-width: 0px !important;border-bottom-width: 0px !important;padding-top: 0px !important;padding-bottom: 0px !important;}&#8221;][\/vc_column][\/vc_row][vc_row css=&#8221;.vc_custom_1627553435640{margin-top: 0px !important;margin-right: 0px !important;margin-bottom: 45px !important;margin-left: 0px !important;border-top-width: 0px !important;border-right-width: 0px !important;border-bottom-width: 0px !important;border-left-width: 0px !important;padding-top: 0px !important;padding-right: 0px !important;padding-bottom: 0px !important;padding-left: 0px !important;}&#8221;][vc_column css=&#8221;.vc_custom_1627553414681{margin-top: 0px\" \/>\n<meta property=\"og:url\" content=\"https:\/\/noclegi-katowice.com.pl\/index.php\/o-nas\/\" \/>\n<meta property=\"og:site_name\" content=\"Hostel Rynek 7\" \/>\n<meta property=\"article:modified_time\" content=\"2025-04-26T15:04:40+00:00\" \/>\n<meta name=\"twitter:card\" content=\"summary_large_image\" \/>\n<meta name=\"twitter:label1\" content=\"Szacowany czas czytania\" \/>\n\t<meta name=\"twitter:data1\" content=\"3 minuty\" \/>\n<script type=\"application\/ld+json\" class=\"yoast-schema-graph\">{\"@context\":\"https:\/\/schema.org\",\"@graph\":[{\"@type\":\"WebPage\",\"@id\":\"https:\/\/noclegi-katowice.com.pl\/index.php\/o-nas\/\",\"url\":\"https:\/\/noclegi-katowice.com.pl\/index.php\/o-nas\/\",\"name\":\"O nas - Hostel Rynek 7\",\"isPartOf\":{\"@id\":\"http:\/\/noclegi-katowice.com.pl\/#website\"},\"datePublished\":\"2024-12-03T22:30:12+00:00\",\"dateModified\":\"2025-04-26T15:04:40+00:00\",\"breadcrumb\":{\"@id\":\"https:\/\/noclegi-katowice.com.pl\/index.php\/o-nas\/#breadcrumb\"},\"inLanguage\":\"pl-PL\",\"potentialAction\":[{\"@type\":\"ReadAction\",\"target\":[\"https:\/\/noclegi-katowice.com.pl\/index.php\/o-nas\/\"]}]},{\"@type\":\"BreadcrumbList\",\"@id\":\"https:\/\/noclegi-katowice.com.pl\/index.php\/o-nas\/#breadcrumb\",\"itemListElement\":[{\"@type\":\"ListItem\",\"position\":1,\"name\":\"Strona g\u0142\u00f3wna\",\"item\":\"http:\/\/noclegi-katowice.com.pl\/\"},{\"@type\":\"ListItem\",\"position\":2,\"name\":\"O nas\"}]},{\"@type\":\"WebSite\",\"@id\":\"http:\/\/noclegi-katowice.com.pl\/#website\",\"url\":\"http:\/\/noclegi-katowice.com.pl\/\",\"name\":\"Hostel Rynek 7\",\"description\":\"Najlepszy hostel w okolicy\",\"publisher\":{\"@id\":\"http:\/\/noclegi-katowice.com.pl\/#organization\"},\"potentialAction\":[{\"@type\":\"SearchAction\",\"target\":{\"@type\":\"EntryPoint\",\"urlTemplate\":\"http:\/\/noclegi-katowice.com.pl\/?s={search_term_string}\"},\"query-input\":{\"@type\":\"PropertyValueSpecification\",\"valueRequired\":true,\"valueName\":\"search_term_string\"}}],\"inLanguage\":\"pl-PL\"},{\"@type\":\"Organization\",\"@id\":\"http:\/\/noclegi-katowice.com.pl\/#organization\",\"name\":\"Hostel Rynek 7\",\"url\":\"http:\/\/noclegi-katowice.com.pl\/\",\"logo\":{\"@type\":\"ImageObject\",\"inLanguage\":\"pl-PL\",\"@id\":\"http:\/\/noclegi-katowice.com.pl\/#\/schema\/logo\/image\/\",\"url\":\"https:\/\/noclegi-katowice.com.pl\/wp-content\/uploads\/2024\/12\/baner.png\",\"contentUrl\":\"https:\/\/noclegi-katowice.com.pl\/wp-content\/uploads\/2024\/12\/baner.png\",\"width\":480,\"height\":139,\"caption\":\"Hostel Rynek 7\"},\"image\":{\"@id\":\"http:\/\/noclegi-katowice.com.pl\/#\/schema\/logo\/image\/\"}}]}<\/script>\n<!-- \/ Yoast SEO plugin. -->","yoast_head_json":{"title":"O nas - Hostel Rynek 7","robots":{"index":"index","follow":"follow","max-snippet":"max-snippet:-1","max-image-preview":"max-image-preview:large","max-video-preview":"max-video-preview:-1"},"canonical":"https:\/\/noclegi-katowice.com.pl\/index.php\/o-nas\/","og_locale":"pl_PL","og_type":"article","og_title":"O nas - Hostel Rynek 7","og_description":"[vc_row fixed_width=&#8221;true&#8221; css=&#8221;.vc_custom_1627562291998{margin-top: 0px !important;margin-bottom: 0px !important;border-top-width: 0px !important;border-bottom-width: 0px !important;padding-top: 10px !important;padding-bottom: 0px !important;}&#8221;][vc_column css=&#8221;.vc_custom_1627562322556{margin-top: 0px !important;margin-bottom: 0px !important;border-top-width: 0px !important;border-bottom-width: 0px !important;padding-top: 0px !important;padding-bottom: 0px !important;}&#8221;][\/vc_column][\/vc_row][vc_row css=&#8221;.vc_custom_1627553435640{margin-top: 0px !important;margin-right: 0px !important;margin-bottom: 45px !important;margin-left: 0px !important;border-top-width: 0px !important;border-right-width: 0px !important;border-bottom-width: 0px !important;border-left-width: 0px !important;padding-top: 0px !important;padding-right: 0px !important;padding-bottom: 0px !important;padding-left: 0px !important;}&#8221;][vc_column css=&#8221;.vc_custom_1627553414681{margin-top: 0px","og_url":"https:\/\/noclegi-katowice.com.pl\/index.php\/o-nas\/","og_site_name":"Hostel Rynek 7","article_modified_time":"2025-04-26T15:04:40+00:00","twitter_card":"summary_large_image","twitter_misc":{"Szacowany czas czytania":"3 minuty"},"schema":{"@context":"https:\/\/schema.org","@graph":[{"@type":"WebPage","@id":"https:\/\/noclegi-katowice.com.pl\/index.php\/o-nas\/","url":"https:\/\/noclegi-katowice.com.pl\/index.php\/o-nas\/","name":"O nas - Hostel Rynek 7","isPartOf":{"@id":"http:\/\/noclegi-katowice.com.pl\/#website"},"datePublished":"2024-12-03T22:30:12+00:00","dateModified":"2025-04-26T15:04:40+00:00","breadcrumb":{"@id":"https:\/\/noclegi-katowice.com.pl\/index.php\/o-nas\/#breadcrumb"},"inLanguage":"pl-PL","potentialAction":[{"@type":"ReadAction","target":["https:\/\/noclegi-katowice.com.pl\/index.php\/o-nas\/"]}]},{"@type":"BreadcrumbList","@id":"https:\/\/noclegi-katowice.com.pl\/index.php\/o-nas\/#breadcrumb","itemListElement":[{"@type":"ListItem","position":1,"name":"Strona g\u0142\u00f3wna","item":"http:\/\/noclegi-katowice.com.pl\/"},{"@type":"ListItem","position":2,"name":"O nas"}]},{"@type":"WebSite","@id":"http:\/\/noclegi-katowice.com.pl\/#website","url":"http:\/\/noclegi-katowice.com.pl\/","name":"Hostel Rynek 7","description":"Najlepszy hostel w okolicy","publisher":{"@id":"http:\/\/noclegi-katowice.com.pl\/#organization"},"potentialAction":[{"@type":"SearchAction","target":{"@type":"EntryPoint","urlTemplate":"http:\/\/noclegi-katowice.com.pl\/?s={search_term_string}"},"query-input":{"@type":"PropertyValueSpecification","valueRequired":true,"valueName":"search_term_string"}}],"inLanguage":"pl-PL"},{"@type":"Organization","@id":"http:\/\/noclegi-katowice.com.pl\/#organization","name":"Hostel Rynek 7","url":"http:\/\/noclegi-katowice.com.pl\/","logo":{"@type":"ImageObject","inLanguage":"pl-PL","@id":"http:\/\/noclegi-katowice.com.pl\/#\/schema\/logo\/image\/","url":"https:\/\/noclegi-katowice.com.pl\/wp-content\/uploads\/2024\/12\/baner.png","contentUrl":"https:\/\/noclegi-katowice.com.pl\/wp-content\/uploads\/2024\/12\/baner.png","width":480,"height":139,"caption":"Hostel Rynek 7"},"image":{"@id":"http:\/\/noclegi-katowice.com.pl\/#\/schema\/logo\/image\/"}}]}},"_links":{"self":[{"href":"https:\/\/noclegi-katowice.com.pl\/index.php\/wp-json\/wp\/v2\/pages\/112","targetHints":{"allow":["GET"]}}],"collection":[{"href":"https:\/\/noclegi-katowice.com.pl\/index.php\/wp-json\/wp\/v2\/pages"}],"about":[{"href":"https:\/\/noclegi-katowice.com.pl\/index.php\/wp-json\/wp\/v2\/types\/page"}],"author":[{"embeddable":true,"href":"https:\/\/noclegi-katowice.com.pl\/index.php\/wp-json\/wp\/v2\/users\/1"}],"replies":[{"embeddable":true,"href":"https:\/\/noclegi-katowice.com.pl\/index.php\/wp-json\/wp\/v2\/comments?post=112"}],"version-history":[{"count":20,"href":"https:\/\/noclegi-katowice.com.pl\/index.php\/wp-json\/wp\/v2\/pages\/112\/revisions"}],"predecessor-version":[{"id":738,"href":"https:\/\/noclegi-katowice.com.pl\/index.php\/wp-json\/wp\/v2\/pages\/112\/revisions\/738"}],"wp:attachment":[{"href":"https:\/\/noclegi-katowice.com.pl\/index.php\/wp-json\/wp\/v2\/media?parent=112"}],"curies":[{"name":"wp","href":"https:\/\/api.w.org\/{rel}","templated":true}]}}