{"id":124,"date":"2024-12-03T22:30:12","date_gmt":"2024-12-03T22:30:12","guid":{"rendered":"https:\/\/noclegi-katowice.com.pl\/index.php\/contact-us-i\/"},"modified":"2024-12-23T23:17:55","modified_gmt":"2024-12-23T23:17:55","slug":"kontakt","status":"publish","type":"page","link":"https:\/\/noclegi-katowice.com.pl\/index.php\/kontakt\/","title":{"rendered":"Kontakt"},"content":{"rendered":"<div class=\"wpb-content-wrapper\"><p>[vc_row fixed_width=&#8221;true&#8221;][vc_column width=&#8221;1\/2&#8243;]\n<div class=\"wpcf7 no-js\" id=\"wpcf7-f109-o1\" lang=\"en-US\" dir=\"ltr\" data-wpcf7-id=\"109\">\n<div class=\"screen-reader-response\"><p role=\"status\" aria-live=\"polite\" aria-atomic=\"true\"><\/p> <ul><\/ul><\/div>\n<form action=\"\/index.php\/wp-json\/wp\/v2\/pages\/124#wpcf7-f109-o1\" method=\"post\" class=\"wpcf7-form init\" aria-label=\"Contact form\" novalidate=\"novalidate\" data-status=\"init\">\n<div style=\"display: none;\">\n<input type=\"hidden\" name=\"_wpcf7\" value=\"109\" \/>\n<input type=\"hidden\" name=\"_wpcf7_version\" value=\"6.0.4\" \/>\n<input type=\"hidden\" name=\"_wpcf7_locale\" value=\"en_US\" \/>\n<input type=\"hidden\" name=\"_wpcf7_unit_tag\" value=\"wpcf7-f109-o1\" \/>\n<input type=\"hidden\" name=\"_wpcf7_container_post\" value=\"0\" \/>\n<input type=\"hidden\" name=\"_wpcf7_posted_data_hash\" value=\"\" \/>\n<input type=\"hidden\" name=\"_wpcf7_recaptcha_response\" value=\"\" \/>\n<\/div>\n<p><label> Imi\u0119<br \/>\n<span class=\"wpcf7-form-control-wrap\" data-name=\"your-name\"><input size=\"40\" maxlength=\"400\" class=\"wpcf7-form-control wpcf7-text wpcf7-validates-as-required\" aria-required=\"true\" aria-invalid=\"false\" value=\"\" type=\"text\" name=\"your-name\" \/><\/span> <\/label>\n<\/p>\n<p><label> E-mail<br \/>\n<span class=\"wpcf7-form-control-wrap\" data-name=\"your-email\"><input size=\"40\" maxlength=\"400\" class=\"wpcf7-form-control wpcf7-email wpcf7-validates-as-required wpcf7-text wpcf7-validates-as-email\" aria-required=\"true\" aria-invalid=\"false\" value=\"\" type=\"email\" name=\"your-email\" \/><\/span> <\/label>\n<\/p>\n<p><label> Temat<br \/>\n<span class=\"wpcf7-form-control-wrap\" data-name=\"your-subject\"><input size=\"40\" maxlength=\"400\" class=\"wpcf7-form-control wpcf7-text wpcf7-validates-as-required\" aria-required=\"true\" aria-invalid=\"false\" value=\"\" type=\"text\" name=\"your-subject\" \/><\/span> <\/label>\n<\/p>\n<p><label> Wiadomo\u015b\u0107<br \/>\n<span class=\"wpcf7-form-control-wrap\" data-name=\"your-message\"><textarea cols=\"40\" rows=\"10\" maxlength=\"2000\" class=\"wpcf7-form-control wpcf7-textarea wpcf7-validates-as-required\" aria-required=\"true\" aria-invalid=\"false\" name=\"your-message\"><\/textarea><\/span> <\/label>\n<\/p>\n<p><input class=\"wpcf7-form-control wpcf7-submit has-spinner\" type=\"submit\" value=\"Wy\u015blij\" \/>\n<\/p><div class=\"wpcf7-response-output\" aria-hidden=\"true\"><\/div>\n<\/form>\n<\/div>\n[\/vc_column][vc_column width=&#8221;1\/2&#8243;]<h3 class=\"sohohotel-title-20px sohohotel-clearfix sohohotel-title-left\">Odezwij si\u0119 do nas<\/h3>[vc_column_text css=&#8221;&#8221;]Masz pytania? Chcia\u0142by\u015b dowiedzie\u0107 si\u0119 wi\u0119cej o naszym hostelu? A mo\u017ce potrzebujesz pomocy przy rezerwacji lub planujesz specjalne potrzeby na swoim pobycie? Jeste\u015bmy tu, aby Ci pom\u00f3c!<\/p>\n<p>Skontaktuj si\u0119 z nami w spos\u00f3b, kt\u00f3ry Ci odpowiada. Mo\u017cesz zadzwoni\u0107, wys\u0142a\u0107 wiadomo\u015b\u0107 e-mail lub wype\u0142ni\u0107 formularz poni\u017cej, a my postaramy si\u0119 odpowiedzie\u0107 jak najszybciej.<\/p>\n<p>Czekamy na Twoje pytanie![\/vc_column_text][vc_empty_space height=&#8221;35px&#8221;][\/vc_column][\/vc_row][vc_row css=&#8221;.vc_custom_1625655823267{margin-top: 0px !important;margin-right: 0px !important;margin-bottom: 0px !important;margin-left: 0px !important;border-top-width: 0px !important;border-right-width: 0px !important;border-bottom-width: 0px !important;border-left-width: 0px !important;padding-top: 0px !important;padding-right: 0px !important;padding-bottom: 0px !important;padding-left: 0px !important;}&#8221;][vc_column css=&#8221;.vc_custom_1625655832067{margin-top: 0px !important;margin-right: 0px !important;margin-bottom: 0px !important;margin-left: 0px !important;border-top-width: 0px !important;border-right-width: 0px !important;border-bottom-width: 0px !important;border-left-width: 0px !important;padding-top: 0px !important;padding-right: 0px !important;padding-bottom: 0px !important;padding-left: 0px !important;}&#8221;][\/vc_column][\/vc_row]<\/p>\n<\/div>","protected":false},"excerpt":{"rendered":"<p>[vc_row fixed_width=&#8221;true&#8221;][vc_column width=&#8221;1\/2&#8243;][\/vc_column][vc_column width=&#8221;1\/2&#8243;][vc_column_text css=&#8221;&#8221;]Masz pytania? Chcia\u0142by\u015b dowiedzie\u0107 si\u0119 wi\u0119cej o naszym hostelu? A mo\u017ce potrzebujesz pomocy przy rezerwacji lub planujesz specjalne potrzeby na swoim pobycie? Jeste\u015bmy tu, aby Ci pom\u00f3c! Skontaktuj si\u0119 z nami w spos\u00f3b, kt\u00f3ry Ci odpowiada. Mo\u017cesz zadzwoni\u0107, wys\u0142a\u0107 wiadomo\u015b\u0107 e-mail lub wype\u0142ni\u0107 formularz poni\u017cej, a my postaramy si\u0119 odpowiedzie\u0107 jak<\/p>\n<a href=\"https:\/\/noclegi-katowice.com.pl\/index.php\/kontakt\/\" class=\"sohohotel-more-link\">Read More<\/a>","protected":false},"author":1,"featured_media":0,"parent":0,"menu_order":0,"comment_status":"closed","ping_status":"closed","template":"","meta":{"footnotes":""},"class_list":["post-124","page","type-page","status-publish","hentry"],"yoast_head":"<!-- This site is optimized with the Yoast SEO plugin v24.2 - https:\/\/yoast.com\/wordpress\/plugins\/seo\/ -->\n<title>Kontakt - Hostel Rynek 7<\/title>\n<meta name=\"robots\" content=\"index, follow, max-snippet:-1, max-image-preview:large, max-video-preview:-1\" \/>\n<link rel=\"canonical\" href=\"http:\/\/noclegi-katowice.com.pl\/index.php\/kontakt\/\" \/>\n<meta property=\"og:locale\" content=\"pl_PL\" \/>\n<meta property=\"og:type\" content=\"article\" \/>\n<meta property=\"og:title\" content=\"Kontakt - Hostel Rynek 7\" \/>\n<meta property=\"og:description\" content=\"[vc_row fixed_width=&#8221;true&#8221;][vc_column width=&#8221;1\/2&#8243;][\/vc_column][vc_column width=&#8221;1\/2&#8243;][vc_column_text css=&#8221;&#8221;]Masz pytania? Chcia\u0142by\u015b dowiedzie\u0107 si\u0119 wi\u0119cej o naszym hostelu? A mo\u017ce potrzebujesz pomocy przy rezerwacji lub planujesz specjalne potrzeby na swoim pobycie? Jeste\u015bmy tu, aby Ci pom\u00f3c! Skontaktuj si\u0119 z nami w spos\u00f3b, kt\u00f3ry Ci odpowiada. Mo\u017cesz zadzwoni\u0107, wys\u0142a\u0107 wiadomo\u015b\u0107 e-mail lub wype\u0142ni\u0107 formularz poni\u017cej, a my postaramy si\u0119 odpowiedzie\u0107 jak\" \/>\n<meta property=\"og:url\" content=\"http:\/\/noclegi-katowice.com.pl\/index.php\/kontakt\/\" \/>\n<meta property=\"og:site_name\" content=\"Hostel Rynek 7\" \/>\n<meta property=\"article:modified_time\" content=\"2024-12-23T23:17:55+00:00\" \/>\n<meta name=\"twitter:card\" content=\"summary_large_image\" \/>\n<meta name=\"twitter:label1\" content=\"Szacowany czas czytania\" \/>\n\t<meta name=\"twitter:data1\" content=\"1 minuta\" \/>\n<script type=\"application\/ld+json\" class=\"yoast-schema-graph\">{\"@context\":\"https:\/\/schema.org\",\"@graph\":[{\"@type\":\"WebPage\",\"@id\":\"http:\/\/noclegi-katowice.com.pl\/index.php\/kontakt\/\",\"url\":\"http:\/\/noclegi-katowice.com.pl\/index.php\/kontakt\/\",\"name\":\"Kontakt - Hostel Rynek 7\",\"isPartOf\":{\"@id\":\"http:\/\/noclegi-katowice.com.pl\/#website\"},\"datePublished\":\"2024-12-03T22:30:12+00:00\",\"dateModified\":\"2024-12-23T23:17:55+00:00\",\"breadcrumb\":{\"@id\":\"http:\/\/noclegi-katowice.com.pl\/index.php\/kontakt\/#breadcrumb\"},\"inLanguage\":\"pl-PL\",\"potentialAction\":[{\"@type\":\"ReadAction\",\"target\":[\"http:\/\/noclegi-katowice.com.pl\/index.php\/kontakt\/\"]}]},{\"@type\":\"BreadcrumbList\",\"@id\":\"http:\/\/noclegi-katowice.com.pl\/index.php\/kontakt\/#breadcrumb\",\"itemListElement\":[{\"@type\":\"ListItem\",\"position\":1,\"name\":\"Strona g\u0142\u00f3wna\",\"item\":\"http:\/\/noclegi-katowice.com.pl\/\"},{\"@type\":\"ListItem\",\"position\":2,\"name\":\"Kontakt\"}]},{\"@type\":\"WebSite\",\"@id\":\"http:\/\/noclegi-katowice.com.pl\/#website\",\"url\":\"http:\/\/noclegi-katowice.com.pl\/\",\"name\":\"Hostel Rynek 7\",\"description\":\"Najlepszy hostel w okolicy\",\"publisher\":{\"@id\":\"http:\/\/noclegi-katowice.com.pl\/#organization\"},\"potentialAction\":[{\"@type\":\"SearchAction\",\"target\":{\"@type\":\"EntryPoint\",\"urlTemplate\":\"http:\/\/noclegi-katowice.com.pl\/?s={search_term_string}\"},\"query-input\":{\"@type\":\"PropertyValueSpecification\",\"valueRequired\":true,\"valueName\":\"search_term_string\"}}],\"inLanguage\":\"pl-PL\"},{\"@type\":\"Organization\",\"@id\":\"http:\/\/noclegi-katowice.com.pl\/#organization\",\"name\":\"Hostel Rynek 7\",\"url\":\"http:\/\/noclegi-katowice.com.pl\/\",\"logo\":{\"@type\":\"ImageObject\",\"inLanguage\":\"pl-PL\",\"@id\":\"http:\/\/noclegi-katowice.com.pl\/#\/schema\/logo\/image\/\",\"url\":\"https:\/\/noclegi-katowice.com.pl\/wp-content\/uploads\/2024\/12\/baner.png\",\"contentUrl\":\"https:\/\/noclegi-katowice.com.pl\/wp-content\/uploads\/2024\/12\/baner.png\",\"width\":480,\"height\":139,\"caption\":\"Hostel Rynek 7\"},\"image\":{\"@id\":\"http:\/\/noclegi-katowice.com.pl\/#\/schema\/logo\/image\/\"}}]}<\/script>\n<!-- \/ Yoast SEO plugin. -->","yoast_head_json":{"title":"Kontakt - Hostel Rynek 7","robots":{"index":"index","follow":"follow","max-snippet":"max-snippet:-1","max-image-preview":"max-image-preview:large","max-video-preview":"max-video-preview:-1"},"canonical":"http:\/\/noclegi-katowice.com.pl\/index.php\/kontakt\/","og_locale":"pl_PL","og_type":"article","og_title":"Kontakt - Hostel Rynek 7","og_description":"[vc_row fixed_width=&#8221;true&#8221;][vc_column width=&#8221;1\/2&#8243;][\/vc_column][vc_column width=&#8221;1\/2&#8243;][vc_column_text css=&#8221;&#8221;]Masz pytania? Chcia\u0142by\u015b dowiedzie\u0107 si\u0119 wi\u0119cej o naszym hostelu? A mo\u017ce potrzebujesz pomocy przy rezerwacji lub planujesz specjalne potrzeby na swoim pobycie? Jeste\u015bmy tu, aby Ci pom\u00f3c! Skontaktuj si\u0119 z nami w spos\u00f3b, kt\u00f3ry Ci odpowiada. Mo\u017cesz zadzwoni\u0107, wys\u0142a\u0107 wiadomo\u015b\u0107 e-mail lub wype\u0142ni\u0107 formularz poni\u017cej, a my postaramy si\u0119 odpowiedzie\u0107 jak","og_url":"http:\/\/noclegi-katowice.com.pl\/index.php\/kontakt\/","og_site_name":"Hostel Rynek 7","article_modified_time":"2024-12-23T23:17:55+00:00","twitter_card":"summary_large_image","twitter_misc":{"Szacowany czas czytania":"1 minuta"},"schema":{"@context":"https:\/\/schema.org","@graph":[{"@type":"WebPage","@id":"http:\/\/noclegi-katowice.com.pl\/index.php\/kontakt\/","url":"http:\/\/noclegi-katowice.com.pl\/index.php\/kontakt\/","name":"Kontakt - Hostel Rynek 7","isPartOf":{"@id":"http:\/\/noclegi-katowice.com.pl\/#website"},"datePublished":"2024-12-03T22:30:12+00:00","dateModified":"2024-12-23T23:17:55+00:00","breadcrumb":{"@id":"http:\/\/noclegi-katowice.com.pl\/index.php\/kontakt\/#breadcrumb"},"inLanguage":"pl-PL","potentialAction":[{"@type":"ReadAction","target":["http:\/\/noclegi-katowice.com.pl\/index.php\/kontakt\/"]}]},{"@type":"BreadcrumbList","@id":"http:\/\/noclegi-katowice.com.pl\/index.php\/kontakt\/#breadcrumb","itemListElement":[{"@type":"ListItem","position":1,"name":"Strona g\u0142\u00f3wna","item":"http:\/\/noclegi-katowice.com.pl\/"},{"@type":"ListItem","position":2,"name":"Kontakt"}]},{"@type":"WebSite","@id":"http:\/\/noclegi-katowice.com.pl\/#website","url":"http:\/\/noclegi-katowice.com.pl\/","name":"Hostel Rynek 7","description":"Najlepszy hostel w okolicy","publisher":{"@id":"http:\/\/noclegi-katowice.com.pl\/#organization"},"potentialAction":[{"@type":"SearchAction","target":{"@type":"EntryPoint","urlTemplate":"http:\/\/noclegi-katowice.com.pl\/?s={search_term_string}"},"query-input":{"@type":"PropertyValueSpecification","valueRequired":true,"valueName":"search_term_string"}}],"inLanguage":"pl-PL"},{"@type":"Organization","@id":"http:\/\/noclegi-katowice.com.pl\/#organization","name":"Hostel Rynek 7","url":"http:\/\/noclegi-katowice.com.pl\/","logo":{"@type":"ImageObject","inLanguage":"pl-PL","@id":"http:\/\/noclegi-katowice.com.pl\/#\/schema\/logo\/image\/","url":"https:\/\/noclegi-katowice.com.pl\/wp-content\/uploads\/2024\/12\/baner.png","contentUrl":"https:\/\/noclegi-katowice.com.pl\/wp-content\/uploads\/2024\/12\/baner.png","width":480,"height":139,"caption":"Hostel Rynek 7"},"image":{"@id":"http:\/\/noclegi-katowice.com.pl\/#\/schema\/logo\/image\/"}}]}},"_links":{"self":[{"href":"https:\/\/noclegi-katowice.com.pl\/index.php\/wp-json\/wp\/v2\/pages\/124","targetHints":{"allow":["GET"]}}],"collection":[{"href":"https:\/\/noclegi-katowice.com.pl\/index.php\/wp-json\/wp\/v2\/pages"}],"about":[{"href":"https:\/\/noclegi-katowice.com.pl\/index.php\/wp-json\/wp\/v2\/types\/page"}],"author":[{"embeddable":true,"href":"https:\/\/noclegi-katowice.com.pl\/index.php\/wp-json\/wp\/v2\/users\/1"}],"replies":[{"embeddable":true,"href":"https:\/\/noclegi-katowice.com.pl\/index.php\/wp-json\/wp\/v2\/comments?post=124"}],"version-history":[{"count":7,"href":"https:\/\/noclegi-katowice.com.pl\/index.php\/wp-json\/wp\/v2\/pages\/124\/revisions"}],"predecessor-version":[{"id":559,"href":"https:\/\/noclegi-katowice.com.pl\/index.php\/wp-json\/wp\/v2\/pages\/124\/revisions\/559"}],"wp:attachment":[{"href":"https:\/\/noclegi-katowice.com.pl\/index.php\/wp-json\/wp\/v2\/media?parent=124"}],"curies":[{"name":"wp","href":"https:\/\/api.w.org\/{rel}","templated":true}]}}