{"id":127,"date":"2024-12-03T22:30:12","date_gmt":"2024-12-03T22:30:12","guid":{"rendered":"https:\/\/noclegi-katowice.com.pl\/index.php\/full-width\/"},"modified":"2025-03-18T07:33:19","modified_gmt":"2025-03-18T07:33:19","slug":"regulamin","status":"publish","type":"page","link":"https:\/\/noclegi-katowice.com.pl\/index.php\/regulamin\/","title":{"rendered":"Regulamin"},"content":{"rendered":"<div class=\"wpb-content-wrapper\"><p>[vc_row css=&#8221;.vc_custom_1626074544662{margin-bottom: 40px !important;}&#8221;][vc_column][vc_column_text css=&#8221;&#8221;]<\/p>\n<div>\n<p><strong><span class=\"il\">REGULAMIN<\/span>\u00a0HOSTELU RYNEK 7 W KATOWICACH<\/strong><\/p>\n<p><strong>O FAKTUR\u0118 NALE\u017bY POPROSI\u0106 W CHWILI ZAMELDOWANIA! PO WYSTAWIENIU PARAGONU BEZ NIPU NIE OTRZYMASZ FAKTURY NA FIRM\u0118!<\/strong><\/p>\n<ol start=\"1\">\n<li><strong>Postanowienia og\u00f3lne<\/strong><br \/>\n1.1. Niniejszy\u00a0<span class=\"il\">regulamin<\/span>\u00a0okre\u015bla zasady korzystania z obiektu Hostel Rynek 7 w Katowicach.<br \/>\n1.2. Dokonanie rezerwacji oraz zameldowanie w hostelu jest r\u00f3wnoznaczne z zaakceptowaniem regulaminu przez Go\u015bcia.<br \/>\n1.3. Obiekt jest monitorowany w celu zapewnienia bezpiecze\u0144stwa Go\u015bci i mienia hostelu.<br \/>\n1.4. Wszelkie reklamacje dotycz\u0105ce pobytu nale\u017cy zg\u0142asza\u0107 na recepcji hostelu. Czas na ich rozpatrzenie wynosi 7 dni roboczych.<br \/>\n1.5. Na terenie obiektu mog\u0105 przebywa\u0107 wy\u0142\u0105cznie osoby zameldowane.<br \/>\n1.6. Osoby niepe\u0142noletnie mog\u0105 zarezerwowa\u0107 pobyt tylko za pisemn\u0105 i telefoniczn\u0105 zgod\u0105 rodzic\u00f3w. Hostel nie bierze odpowiedzialno\u015bci za osoby niepe\u0142noletnie.<\/li>\n<li><strong>Rezerwacja i p\u0142atno\u015bci<\/strong><br \/>\n2.1. W celu potwierdzenia rezerwacji hostel pobiera 100% przedp\u0142aty. 2.2. Rezerwacja jest bezzwrotna. Prosimy o dokonywanie przemy\u015blanych rezerwacji.<br \/>\n2.3. W przypadku rezerwacji grupowych (od 10 os\u00f3b) hostel wymaga min. 50% zadatku zaksi\u0119gowanego na miesi\u0105c przed planowanym przyjazdem. Zadatek jest bezzwrotny w przypadku rezygnacji.<\/li>\n<li><strong>Doba hostelowa<\/strong><br \/>\n3.1. Doba hostelowa trwa od godziny 14:00 do 10:00 dnia nast\u0119pnego.<br \/>\n3.2. W przypadku nieopuszczenia pokoju po godzinie 10:00, hostel mo\u017ce naliczy\u0107 dodatkowe op\u0142aty.<\/li>\n<li><strong>Zasady pobytu<\/strong><br \/>\n4.1. Go\u015bcie zobowi\u0105zani s\u0105 do zg\u0142aszania wszelkich szk\u00f3d, brak\u00f3w oraz usterek personelowi w momencie zameldowania.<br \/>\n4.2. Na terenie obiektu obowi\u0105zuje ca\u0142kowity zakaz palenia tytoniu oraz papieros\u00f3w elektronicznych pod rygorem kary 500 z\u0142.<br \/>\n4.3. Na terenie hostelu obowi\u0105zuje zakaz spo\u017cywania alkoholu.<br \/>\n4.4. Organizowanie imprez oraz zak\u0142\u00f3canie porz\u0105dku b\u0119dzie skutkowa\u0107 wezwaniem ochrony i usuni\u0119ciem Go\u015bcia z hostelu bez prawa do zwrotu koszt\u00f3w pobytu.<br \/>\n4.5. Go\u015bcie zobowi\u0105zani s\u0105 do dbania o mienie hostelu. Za wszelkie zniszczenia i braki po wymeldowaniu Go\u015bcie zostan\u0105 obci\u0105\u017ceni kosztami adekwatnymi do strat. W przypadku braku zap\u0142aty sprawa zostanie zg\u0142oszona na policj\u0119.<br \/>\n4.6. Od godziny 22:00 do 07:00 obowi\u0105zuje cisza nocna. W przypadku jej naruszenia i braku reakcji na upomnienia personelu hostel mo\u017ce wezwa\u0107 ochron\u0119 lub policj\u0119.<\/li>\n<li><strong>Bezpiecze\u0144stwo i odpowiedzialno\u015b\u0107<\/strong><br \/>\n5.1. Hostel nie ponosi odpowiedzialno\u015bci za rzeczy osobiste pozostawione przez Go\u015bci na terenie obiektu.<br \/>\n5.2. Go\u015bcie zobowi\u0105zani s\u0105 do zamykania pokoju na klucz. Nie udost\u0119pnia si\u0119 kod\u00f3w dost\u0119pnych do pokoi.<br \/>\n5.3. W przypadku naruszenia regulaminu lub niew\u0142a\u015bciwego zachowania hostel ma prawo odm\u00f3wi\u0107 dalszego \u015bwiadczenia us\u0142ug i za\u017c\u0105da\u0107 natychmiastowego opuszczenia obiektu przez Go\u015bcia.<br \/>\n5.4. Wszelkie kwestie sporne rozstrzygane b\u0119d\u0105 zgodnie z przepisami prawa polskiego.<\/li>\n<li><strong>Kontakt i obs\u0142uga Go\u015bci<\/strong><br \/>\n6.1. Wszelkie pytania i problemy mo\u017cna zg\u0142asza\u0107 recepcji hostelu czynnej ca\u0142odobowo.<br \/>\n6.2. Personel hostelu mo\u017ce kontaktowa\u0107 si\u0119 telefonicznie z Go\u015b\u0107mi w sprawach dotycz\u0105cych pobytu.<br \/>\n6.3. W przypadku sytuacji nag\u0142ych (np. zagro\u017cenia dla \u017cycia lub zdrowia) personel mo\u017ce wezwa\u0107 odpowiednie s\u0142u\u017cby.<\/li>\n<\/ol>\n<p>Dzi\u0119kujemy za przestrzeganie regulaminu i \u017cyczymy udanego pobytu!<br \/>\n<strong>Hostel Rynek 7, Katowice<\/strong><\/p>\n<\/div>\n<div><\/div>\n<p>[\/vc_column_text][\/vc_column][\/vc_row]<\/p>\n<\/div>","protected":false},"excerpt":{"rendered":"<p>[vc_row css=&#8221;.vc_custom_1626074544662{margin-bottom: 40px !important;}&#8221;][vc_column][vc_column_text css=&#8221;&#8221;] REGULAMIN\u00a0HOSTELU RYNEK 7 W KATOWICACH O FAKTUR\u0118 NALE\u017bY POPROSI\u0106 W CHWILI ZAMELDOWANIA! PO WYSTAWIENIU PARAGONU BEZ NIPU NIE OTRZYMASZ FAKTURY NA FIRM\u0118! Postanowienia og\u00f3lne 1.1. Niniejszy\u00a0regulamin\u00a0okre\u015bla zasady korzystania z obiektu Hostel Rynek 7 w Katowicach. 1.2. Dokonanie rezerwacji oraz zameldowanie w hostelu jest r\u00f3wnoznaczne z zaakceptowaniem regulaminu przez Go\u015bcia. 1.3.<\/p>\n<a href=\"https:\/\/noclegi-katowice.com.pl\/index.php\/regulamin\/\" class=\"sohohotel-more-link\">Read More<\/a>","protected":false},"author":1,"featured_media":0,"parent":0,"menu_order":0,"comment_status":"closed","ping_status":"closed","template":"","meta":{"footnotes":""},"class_list":["post-127","page","type-page","status-publish","hentry"],"yoast_head":"<!-- This site is optimized with the Yoast SEO plugin v24.2 - https:\/\/yoast.com\/wordpress\/plugins\/seo\/ -->\n<title>Regulamin - Hostel Rynek 7<\/title>\n<meta name=\"robots\" content=\"index, follow, max-snippet:-1, max-image-preview:large, max-video-preview:-1\" \/>\n<link rel=\"canonical\" href=\"https:\/\/noclegi-katowice.com.pl\/index.php\/regulamin\/\" \/>\n<meta property=\"og:locale\" content=\"pl_PL\" \/>\n<meta property=\"og:type\" content=\"article\" \/>\n<meta property=\"og:title\" content=\"Regulamin - Hostel Rynek 7\" \/>\n<meta property=\"og:description\" content=\"[vc_row css=&#8221;.vc_custom_1626074544662{margin-bottom: 40px !important;}&#8221;][vc_column][vc_column_text css=&#8221;&#8221;] REGULAMIN\u00a0HOSTELU RYNEK 7 W KATOWICACH O FAKTUR\u0118 NALE\u017bY POPROSI\u0106 W CHWILI ZAMELDOWANIA! PO WYSTAWIENIU PARAGONU BEZ NIPU NIE OTRZYMASZ FAKTURY NA FIRM\u0118! Postanowienia og\u00f3lne 1.1. Niniejszy\u00a0regulamin\u00a0okre\u015bla zasady korzystania z obiektu Hostel Rynek 7 w Katowicach. 1.2. Dokonanie rezerwacji oraz zameldowanie w hostelu jest r\u00f3wnoznaczne z zaakceptowaniem regulaminu przez Go\u015bcia. 1.3.\" \/>\n<meta property=\"og:url\" content=\"https:\/\/noclegi-katowice.com.pl\/index.php\/regulamin\/\" \/>\n<meta property=\"og:site_name\" content=\"Hostel Rynek 7\" \/>\n<meta property=\"article:modified_time\" content=\"2025-03-18T07:33:19+00:00\" \/>\n<meta name=\"twitter:card\" content=\"summary_large_image\" \/>\n<meta name=\"twitter:label1\" content=\"Szacowany czas czytania\" \/>\n\t<meta name=\"twitter:data1\" content=\"3 minuty\" \/>\n<script type=\"application\/ld+json\" class=\"yoast-schema-graph\">{\"@context\":\"https:\/\/schema.org\",\"@graph\":[{\"@type\":\"WebPage\",\"@id\":\"https:\/\/noclegi-katowice.com.pl\/index.php\/regulamin\/\",\"url\":\"https:\/\/noclegi-katowice.com.pl\/index.php\/regulamin\/\",\"name\":\"Regulamin - Hostel Rynek 7\",\"isPartOf\":{\"@id\":\"http:\/\/noclegi-katowice.com.pl\/#website\"},\"datePublished\":\"2024-12-03T22:30:12+00:00\",\"dateModified\":\"2025-03-18T07:33:19+00:00\",\"breadcrumb\":{\"@id\":\"https:\/\/noclegi-katowice.com.pl\/index.php\/regulamin\/#breadcrumb\"},\"inLanguage\":\"pl-PL\",\"potentialAction\":[{\"@type\":\"ReadAction\",\"target\":[\"https:\/\/noclegi-katowice.com.pl\/index.php\/regulamin\/\"]}]},{\"@type\":\"BreadcrumbList\",\"@id\":\"https:\/\/noclegi-katowice.com.pl\/index.php\/regulamin\/#breadcrumb\",\"itemListElement\":[{\"@type\":\"ListItem\",\"position\":1,\"name\":\"Strona g\u0142\u00f3wna\",\"item\":\"http:\/\/noclegi-katowice.com.pl\/\"},{\"@type\":\"ListItem\",\"position\":2,\"name\":\"Regulamin\"}]},{\"@type\":\"WebSite\",\"@id\":\"http:\/\/noclegi-katowice.com.pl\/#website\",\"url\":\"http:\/\/noclegi-katowice.com.pl\/\",\"name\":\"Hostel Rynek 7\",\"description\":\"Najlepszy hostel w okolicy\",\"publisher\":{\"@id\":\"http:\/\/noclegi-katowice.com.pl\/#organization\"},\"potentialAction\":[{\"@type\":\"SearchAction\",\"target\":{\"@type\":\"EntryPoint\",\"urlTemplate\":\"http:\/\/noclegi-katowice.com.pl\/?s={search_term_string}\"},\"query-input\":{\"@type\":\"PropertyValueSpecification\",\"valueRequired\":true,\"valueName\":\"search_term_string\"}}],\"inLanguage\":\"pl-PL\"},{\"@type\":\"Organization\",\"@id\":\"http:\/\/noclegi-katowice.com.pl\/#organization\",\"name\":\"Hostel Rynek 7\",\"url\":\"http:\/\/noclegi-katowice.com.pl\/\",\"logo\":{\"@type\":\"ImageObject\",\"inLanguage\":\"pl-PL\",\"@id\":\"http:\/\/noclegi-katowice.com.pl\/#\/schema\/logo\/image\/\",\"url\":\"https:\/\/noclegi-katowice.com.pl\/wp-content\/uploads\/2024\/12\/baner.png\",\"contentUrl\":\"https:\/\/noclegi-katowice.com.pl\/wp-content\/uploads\/2024\/12\/baner.png\",\"width\":480,\"height\":139,\"caption\":\"Hostel Rynek 7\"},\"image\":{\"@id\":\"http:\/\/noclegi-katowice.com.pl\/#\/schema\/logo\/image\/\"}}]}<\/script>\n<!-- \/ Yoast SEO plugin. -->","yoast_head_json":{"title":"Regulamin - Hostel Rynek 7","robots":{"index":"index","follow":"follow","max-snippet":"max-snippet:-1","max-image-preview":"max-image-preview:large","max-video-preview":"max-video-preview:-1"},"canonical":"https:\/\/noclegi-katowice.com.pl\/index.php\/regulamin\/","og_locale":"pl_PL","og_type":"article","og_title":"Regulamin - Hostel Rynek 7","og_description":"[vc_row css=&#8221;.vc_custom_1626074544662{margin-bottom: 40px !important;}&#8221;][vc_column][vc_column_text css=&#8221;&#8221;] REGULAMIN\u00a0HOSTELU RYNEK 7 W KATOWICACH O FAKTUR\u0118 NALE\u017bY POPROSI\u0106 W CHWILI ZAMELDOWANIA! PO WYSTAWIENIU PARAGONU BEZ NIPU NIE OTRZYMASZ FAKTURY NA FIRM\u0118! Postanowienia og\u00f3lne 1.1. Niniejszy\u00a0regulamin\u00a0okre\u015bla zasady korzystania z obiektu Hostel Rynek 7 w Katowicach. 1.2. Dokonanie rezerwacji oraz zameldowanie w hostelu jest r\u00f3wnoznaczne z zaakceptowaniem regulaminu przez Go\u015bcia. 1.3.","og_url":"https:\/\/noclegi-katowice.com.pl\/index.php\/regulamin\/","og_site_name":"Hostel Rynek 7","article_modified_time":"2025-03-18T07:33:19+00:00","twitter_card":"summary_large_image","twitter_misc":{"Szacowany czas czytania":"3 minuty"},"schema":{"@context":"https:\/\/schema.org","@graph":[{"@type":"WebPage","@id":"https:\/\/noclegi-katowice.com.pl\/index.php\/regulamin\/","url":"https:\/\/noclegi-katowice.com.pl\/index.php\/regulamin\/","name":"Regulamin - Hostel Rynek 7","isPartOf":{"@id":"http:\/\/noclegi-katowice.com.pl\/#website"},"datePublished":"2024-12-03T22:30:12+00:00","dateModified":"2025-03-18T07:33:19+00:00","breadcrumb":{"@id":"https:\/\/noclegi-katowice.com.pl\/index.php\/regulamin\/#breadcrumb"},"inLanguage":"pl-PL","potentialAction":[{"@type":"ReadAction","target":["https:\/\/noclegi-katowice.com.pl\/index.php\/regulamin\/"]}]},{"@type":"BreadcrumbList","@id":"https:\/\/noclegi-katowice.com.pl\/index.php\/regulamin\/#breadcrumb","itemListElement":[{"@type":"ListItem","position":1,"name":"Strona g\u0142\u00f3wna","item":"http:\/\/noclegi-katowice.com.pl\/"},{"@type":"ListItem","position":2,"name":"Regulamin"}]},{"@type":"WebSite","@id":"http:\/\/noclegi-katowice.com.pl\/#website","url":"http:\/\/noclegi-katowice.com.pl\/","name":"Hostel Rynek 7","description":"Najlepszy hostel w okolicy","publisher":{"@id":"http:\/\/noclegi-katowice.com.pl\/#organization"},"potentialAction":[{"@type":"SearchAction","target":{"@type":"EntryPoint","urlTemplate":"http:\/\/noclegi-katowice.com.pl\/?s={search_term_string}"},"query-input":{"@type":"PropertyValueSpecification","valueRequired":true,"valueName":"search_term_string"}}],"inLanguage":"pl-PL"},{"@type":"Organization","@id":"http:\/\/noclegi-katowice.com.pl\/#organization","name":"Hostel Rynek 7","url":"http:\/\/noclegi-katowice.com.pl\/","logo":{"@type":"ImageObject","inLanguage":"pl-PL","@id":"http:\/\/noclegi-katowice.com.pl\/#\/schema\/logo\/image\/","url":"https:\/\/noclegi-katowice.com.pl\/wp-content\/uploads\/2024\/12\/baner.png","contentUrl":"https:\/\/noclegi-katowice.com.pl\/wp-content\/uploads\/2024\/12\/baner.png","width":480,"height":139,"caption":"Hostel Rynek 7"},"image":{"@id":"http:\/\/noclegi-katowice.com.pl\/#\/schema\/logo\/image\/"}}]}},"_links":{"self":[{"href":"https:\/\/noclegi-katowice.com.pl\/index.php\/wp-json\/wp\/v2\/pages\/127","targetHints":{"allow":["GET"]}}],"collection":[{"href":"https:\/\/noclegi-katowice.com.pl\/index.php\/wp-json\/wp\/v2\/pages"}],"about":[{"href":"https:\/\/noclegi-katowice.com.pl\/index.php\/wp-json\/wp\/v2\/types\/page"}],"author":[{"embeddable":true,"href":"https:\/\/noclegi-katowice.com.pl\/index.php\/wp-json\/wp\/v2\/users\/1"}],"replies":[{"embeddable":true,"href":"https:\/\/noclegi-katowice.com.pl\/index.php\/wp-json\/wp\/v2\/comments?post=127"}],"version-history":[{"count":3,"href":"https:\/\/noclegi-katowice.com.pl\/index.php\/wp-json\/wp\/v2\/pages\/127\/revisions"}],"predecessor-version":[{"id":675,"href":"https:\/\/noclegi-katowice.com.pl\/index.php\/wp-json\/wp\/v2\/pages\/127\/revisions\/675"}],"wp:attachment":[{"href":"https:\/\/noclegi-katowice.com.pl\/index.php\/wp-json\/wp\/v2\/media?parent=127"}],"curies":[{"name":"wp","href":"https:\/\/api.w.org\/{rel}","templated":true}]}}