{"id":676,"date":"2025-03-18T07:35:57","date_gmt":"2025-03-18T07:35:57","guid":{"rendered":"https:\/\/noclegi-katowice.com.pl\/?page_id=676"},"modified":"2025-03-18T07:36:19","modified_gmt":"2025-03-18T07:36:19","slug":"privacy-policy","status":"publish","type":"page","link":"https:\/\/noclegi-katowice.com.pl\/index.php\/privacy-policy\/","title":{"rendered":"Polityka Prywatno\u015bci"},"content":{"rendered":"<div class=\"wpb-content-wrapper\"><p>[vc_row css=&#8221;.vc_custom_1626074544662{margin-bottom: 40px !important;}&#8221;][vc_column][vc_column_text css=&#8221;&#8221;]<\/p>\n<div>\n<h2>Polityka prywatno\u015bci opisuje zasady przetwarzania przez nas informacji na Tw\u00f3j temat, w tym danych osobowych oraz ciasteczek, czyli tzw. cookies.<\/h2>\n<p><b>1. Informacje og\u00f3lne<\/b><br \/>\nNiniejsza polityka dotyczy Serwisu www, funkcjonuj\u0105cego pod adresem url: noclegi-katowice.com.pl<br \/>\nOperatorem serwisu oraz Administratorem danych osobowych jest: Parvo sp. z.o.o ul. Pocztowa 16, 40-002, Katowice<br \/>\nAdres kontaktowy poczty elektronicznej operatora: info@noclegi-katowice.com.pl<br \/>\nOperator jest Administratorem Twoich danych osobowych w odniesieniu do danych podanych dobrowolnie w Serwisie.<br \/>\nSerwis wykorzystuje dane osobowe w nast\u0119puj\u0105cych celach:<br \/>\nObs\u0142uga zapyta\u0144 przez formularz<br \/>\nPrezentacja oferty lub informacji<br \/>\nSerwis realizuje funkcje pozyskiwania informacji o u\u017cytkownikach i ich zachowaniu w nast\u0119puj\u0105cy spos\u00f3b:<br \/>\nPoprzez dobrowolnie wprowadzone w formularzach dane, kt\u00f3re zostaj\u0105 wprowadzone do system\u00f3w Operatora.<br \/>\nPoprzez zapisywanie w urz\u0105dzeniach ko\u0144cowych plik\u00f3w cookie (tzw. \u201eciasteczka\u201d).<\/p>\n<p><b>2. Wybrane metody ochrony danych stosowane przez Operatora<\/b><br \/>\nMiejsca logowania i wprowadzania danych osobowych s\u0105 chronione w warstwie transmisji (certyfikat SSL). Dzi\u0119ki temu dane osobowe i dane logowania, wprowadzone na stronie, zostaj\u0105 zaszyfrowane w komputerze u\u017cytkownika i mog\u0105 by\u0107 odczytane jedynie na docelowym serwerze.<br \/>\nIstotnym elementem ochrony danych jest regularna aktualizacja wszelkiego oprogramowania, wykorzystywanego przez Operatora do przetwarzania danych osobowych, co w szczeg\u00f3lno\u015bci oznacza regularne aktualizacje komponent\u00f3w programistycznych.<\/p>\n<p><b>3. Hosting<\/b><br \/>\nSerwis jest hostowany (technicznie utrzymywany) na serwerach operatora: OVH SAS.<br \/>\nFirma hostingowa w celu zapewnienia niezawodno\u015bci technicznej prowadzi logi na poziomie serwera. Zapisowi mog\u0105 podlega\u0107:<br \/>\nzasoby okre\u015blone identyfikatorem URL (adresy \u017c\u0105danych zasob\u00f3w \u2013 stron, plik\u00f3w), czas nadej\u015bcia zapytania,czas wys\u0142ania odpowiedzi, nazw\u0119 stacji klienta \u2013 identyfikacja realizowana przez protok\u00f3\u0142 HTTP, informacje o b\u0142\u0119dach jakie nast\u0105pi\u0142y przy realizacji transakcji HTTP, adres URL strony poprzednio odwiedzanej przez u\u017cytkownika (referer link) \u2013 w przypadku gdy przej\u015bcie do Serwisu nast\u0105pi\u0142o przez odno\u015bnik, informacje o przegl\u0105darce u\u017cytkownika, informacje o adresie IP, informacje diagnostyczne zwi\u0105zane z procesem samodzielnego zamawiania us\u0142ug poprzez rejestratory na stronie, informacje zwi\u0105zane z obs\u0142ug\u0105 poczty elektronicznej kierowanej do Operatora oraz wysy\u0142anej przez Operatora.<\/p>\n<p><b>4. Twoje prawa i dodatkowe informacje o sposobie wykorzystania danych<\/b><br \/>\nW niekt\u00f3rych sytuacjach Administrator ma prawo przekazywa\u0107 Twoje dane osobowe innym odbiorcom, je\u015bli b\u0119dzie to niezb\u0119dne do wykonania zawartej z Tob\u0105 umowy lub do zrealizowania obowi\u0105zk\u00f3w ci\u0105\u017c\u0105cych na Administratorze. Dotyczy to takich grup odbiorc\u00f3w:<br \/>\nfirma hostingowa na zasadzie powierzenia<br \/>\nupowa\u017cnieni pracownicy i wsp\u00f3\u0142pracownicy, kt\u00f3rzy korzystaj\u0105 z danych w celu realizacji celu dzia\u0142ania strony<br \/>\nTwoje dane osobowe przetwarzane przez Administratora nie d\u0142u\u017cej, ni\u017c jest to konieczne do wykonania zwi\u0105zanych z nimi czynno\u015bci okre\u015blonych osobnymi przepisami (np. o prowadzeniu rachunkowo\u015bci). W odniesieniu do danych marketingowych dane nie b\u0119d\u0105 przetwarzane d\u0142u\u017cej ni\u017c przez 3 lata.<br \/>\nPrzys\u0142uguje Ci prawo \u017c\u0105dania od Administratora: dost\u0119pu do danych osobowych Ciebie dotycz\u0105cych,<br \/>\nich sprostowania, usuni\u0119cia, ograniczenia przetwarzania, oraz przenoszenia danych.<br \/>\nPrzys\u0142uguje Ci prawo do z\u0142o\u017cenia sprzeciwu w zakresie przetwarzania wskazanego w pkt 3.2 wobec przetwarzania danych osobowych w celu wykonania prawnie uzasadnionych interes\u00f3w realizowanych przez Administratora, w tym profilowania, przy czym prawo sprzeciwu nie b\u0119dzie mog\u0142o by\u0107 wykonane w przypadku istnienia wa\u017cnych prawnie uzasadnionych podstaw do przetwarzania, nadrz\u0119dnych wobec Ciebie interes\u00f3w, praw i wolno\u015bci, w szczeg\u00f3lno\u015bci ustalenia, dochodzenia lub obrony roszcze\u0144.<br \/>\nNa dzia\u0142ania Administratora przys\u0142uguje skarga do Prezesa Urz\u0119du Ochrony Danych Osobowych, ul. Stawki 2, 00-193 Warszawa.<br \/>\nPodanie danych osobowych jest dobrowolne, lecz niezb\u0119dne do obs\u0142ugi Serwisu.<br \/>\nW stosunku do Ciebie mog\u0105 by\u0107 podejmowane czynno\u015bci polegaj\u0105ce na zautomatyzowanym podejmowaniu decyzji, w tym profilowaniu w celu \u015bwiadczenia us\u0142ug w ramach zawartej umowy oraz w celu prowadzenia przez Administratora marketingu bezpo\u015bredniego.<br \/>\nDane osobowe nie s\u0105 przekazywane od kraj\u00f3w trzecich w rozumieniu przepis\u00f3w o ochronie danych osobowych. Oznacza to, \u017ce nie przesy\u0142amy ich poza teren Unii Europejskiej.<\/p>\n<p><b>5. Informacje w formularzach<\/b><br \/>\nSerwis zbiera informacje podane dobrowolnie przez u\u017cytkownika, w tym dane osobowe, o ile zostan\u0105 one podane.<br \/>\nSerwis mo\u017ce zapisa\u0107 informacje o parametrach po\u0142\u0105czenia (oznaczenie czasu, adres IP).<br \/>\nSerwis, w niekt\u00f3rych wypadkach, mo\u017ce zapisa\u0107 informacj\u0119 u\u0142atwiaj\u0105c\u0105 powi\u0105zanie danych w formularzu z adresem e-mail u\u017cytkownika wype\u0142niaj\u0105cego formularz. W takim wypadku adres e-mail u\u017cytkownika pojawia si\u0119 wewn\u0105trz adresu url strony zawieraj\u0105cej formularz.<br \/>\nDane podane w formularzu s\u0105 przetwarzane w celu wynikaj\u0105cym z funkcji konkretnego formularza, np. w celu dokonania procesu obs\u0142ugi zg\u0142oszenia serwisowego lub kontaktu handlowego, rejestracji us\u0142ug itp. Ka\u017cdorazowo kontekst i opis formularza w czytelny spos\u00f3b informuje, do czego on s\u0142u\u017cy.<\/p>\n<p><b>6. Logi Administratora<\/b><br \/>\nInformacje zachowaniu u\u017cytkownik\u00f3w w serwisie mog\u0105 podlega\u0107 logowaniu. Dane te s\u0105 wykorzystywane w celu administrowania serwisem.<\/p>\n<p><b>7. Istotne techniki marketingowe<\/b><br \/>\nOperator stosuje analiz\u0119 statystyczn\u0105 ruchu na stronie, poprzez Google Analytics (Google Inc. z siedzib\u0105 w USA). Operator nie przekazuje do operatora tej us\u0142ugi danych osobowych, a jedynie zanonimizowane informacje. Us\u0142uga bazuje na wykorzystaniu ciasteczek w urz\u0105dzeniu ko\u0144cowym u\u017cytkownika. W zakresie informacji o preferencjach u\u017cytkownika gromadzonych przez sie\u0107 reklamow\u0105 Google u\u017cytkownik mo\u017ce przegl\u0105da\u0107 i edytowa\u0107 informacje wynikaj\u0105ce z plik\u00f3w cookies przy pomocy narz\u0119dzia: https:\/\/www.google.com\/ads\/preferences\/<\/p>\n<p><b>8. Informacja o plikach cookies<\/b><br \/>\nSerwis korzysta z plik\u00f3w cookies.<br \/>\nPliki cookies (tzw. \u201eciasteczka\u201d) stanowi\u0105 dane informatyczne, w szczeg\u00f3lno\u015bci pliki tekstowe, kt\u00f3re przechowywane s\u0105 w urz\u0105dzeniu ko\u0144cowym U\u017cytkownika Serwisu i przeznaczone s\u0105 do korzystania ze stron internetowych Serwisu. Cookies zazwyczaj zawieraj\u0105 nazw\u0119 strony internetowej, z kt\u00f3rej pochodz\u0105, czas przechowywania ich na urz\u0105dzeniu ko\u0144cowym oraz unikalny numer.<br \/>\nPodmiotem zamieszczaj\u0105cym na urz\u0105dzeniu ko\u0144cowym U\u017cytkownika Serwisu pliki cookies oraz uzyskuj\u0105cym do nich dost\u0119p jest operator Serwisu.<br \/>\nPliki cookies wykorzystywane s\u0105 w nast\u0119puj\u0105cych celach:<br \/>\nutrzymanie sesji u\u017cytkownika Serwisu (po zalogowaniu), dzi\u0119ki kt\u00f3rej u\u017cytkownik nie musi na ka\u017cdej podstronie Serwisu ponownie wpisywa\u0107 loginu i has\u0142a;<br \/>\nrealizacji cel\u00f3w okre\u015blonych powy\u017cej w cz\u0119\u015bci \u201eIstotne techniki marketingowe\u201d;<br \/>\nW ramach Serwisu stosowane s\u0105 dwa zasadnicze rodzaje plik\u00f3w cookies: \u201esesyjne\u201d (session cookies) oraz \u201esta\u0142e\u201d (persistent cookies). Cookies \u201esesyjne\u201d s\u0105 plikami tymczasowymi, kt\u00f3re przechowywane s\u0105 w urz\u0105dzeniu ko\u0144cowym U\u017cytkownika do czasu wylogowania, opuszczenia strony internetowej lub wy\u0142\u0105czenia oprogramowania (przegl\u0105darki internetowej). \u201eSta\u0142e\u201d pliki cookies przechowywane s\u0105 w urz\u0105dzeniu ko\u0144cowym U\u017cytkownika przez czas okre\u015blony w parametrach plik\u00f3w cookies lub do czasu ich usuni\u0119cia przez U\u017cytkownika.<br \/>\nOprogramowanie do przegl\u0105dania stron internetowych (przegl\u0105darka internetowa) zazwyczaj domy\u015blnie dopuszcza przechowywanie plik\u00f3w cookies w urz\u0105dzeniu ko\u0144cowym U\u017cytkownika. U\u017cytkownicy Serwisu mog\u0105 dokona\u0107 zmiany ustawie\u0144 w tym zakresie. Przegl\u0105darka internetowa umo\u017cliwia usuni\u0119cie plik\u00f3w cookies. Mo\u017cliwe jest tak\u017ce automatyczne blokowanie plik\u00f3w cookies Szczeg\u00f3\u0142owe informacje na ten temat zawiera pomoc lub dokumentacja przegl\u0105darki internetowej.<br \/>\nOgraniczenia stosowania plik\u00f3w cookies mog\u0105 wp\u0142yn\u0105\u0107 na niekt\u00f3re funkcjonalno\u015bci dost\u0119pne na stronach internetowych Serwisu.<br \/>\nPliki cookies zamieszczane w urz\u0105dzeniu ko\u0144cowym U\u017cytkownika Serwisu wykorzystywane mog\u0105 by\u0107 r\u00f3wnie\u017c przez wsp\u00f3\u0142pracuj\u0105ce z operatorem Serwisu podmioty, w szczeg\u00f3lno\u015bci dotyczy to firm: Google (Google Inc. z siedzib\u0105 w USA), Facebook (Facebook Inc. z siedzib\u0105 w USA), Twitter (Twitter Inc. z siedzib\u0105 w USA).<\/p>\n<p><b>9. Zarz\u0105dzanie plikami cookies \u2013 jak w praktyce wyra\u017ca\u0107 i cofa\u0107 zgod\u0119?<\/b><br \/>\nJe\u015bli u\u017cytkownik nie chce otrzymywa\u0107 plik\u00f3w cookies, mo\u017ce zmieni\u0107 ustawienia przegl\u0105darki. Zastrzegamy, \u017ce wy\u0142\u0105czenie obs\u0142ugi plik\u00f3w cookies niezb\u0119dnych dla proces\u00f3w uwierzytelniania, bezpiecze\u0144stwa, utrzymania preferencji u\u017cytkownika mo\u017ce utrudni\u0107, a w skrajnych przypadkach mo\u017ce uniemo\u017cliwi\u0107 korzystanie ze stron www.<\/p>\n<\/div>\n<p>[\/vc_column_text][\/vc_column][\/vc_row]<\/p>\n<\/div>","protected":false},"excerpt":{"rendered":"<p>[vc_row css=&#8221;.vc_custom_1626074544662{margin-bottom: 40px !important;}&#8221;][vc_column][vc_column_text css=&#8221;&#8221;] Polityka prywatno\u015bci opisuje zasady przetwarzania przez nas informacji na Tw\u00f3j temat, w tym danych osobowych oraz ciasteczek, czyli tzw. cookies. 1. Informacje og\u00f3lne Niniejsza polityka dotyczy Serwisu www, funkcjonuj\u0105cego pod adresem url: noclegi-katowice.com.pl Operatorem serwisu oraz Administratorem danych osobowych jest: Parvo sp. z.o.o ul. Pocztowa 16, 40-002, Katowice Adres kontaktowy<\/p>\n<a href=\"https:\/\/noclegi-katowice.com.pl\/index.php\/privacy-policy\/\" class=\"sohohotel-more-link\">Read More<\/a>","protected":false},"author":1,"featured_media":0,"parent":0,"menu_order":0,"comment_status":"closed","ping_status":"closed","template":"","meta":{"footnotes":""},"class_list":["post-676","page","type-page","status-publish","hentry"],"yoast_head":"<!-- This site is optimized with the Yoast SEO plugin v24.2 - https:\/\/yoast.com\/wordpress\/plugins\/seo\/ -->\n<title>Polityka Prywatno\u015bci - Hostel Rynek 7<\/title>\n<meta name=\"robots\" content=\"index, follow, max-snippet:-1, max-image-preview:large, max-video-preview:-1\" \/>\n<link rel=\"canonical\" href=\"http:\/\/noclegi-katowice.com.pl\/index.php\/privacy-policy\/\" \/>\n<meta property=\"og:locale\" content=\"pl_PL\" \/>\n<meta property=\"og:type\" content=\"article\" \/>\n<meta property=\"og:title\" content=\"Polityka Prywatno\u015bci - Hostel Rynek 7\" \/>\n<meta property=\"og:description\" content=\"[vc_row css=&#8221;.vc_custom_1626074544662{margin-bottom: 40px !important;}&#8221;][vc_column][vc_column_text css=&#8221;&#8221;] Polityka prywatno\u015bci opisuje zasady przetwarzania przez nas informacji na Tw\u00f3j temat, w tym danych osobowych oraz ciasteczek, czyli tzw. cookies. 1. Informacje og\u00f3lne Niniejsza polityka dotyczy Serwisu www, funkcjonuj\u0105cego pod adresem url: noclegi-katowice.com.pl Operatorem serwisu oraz Administratorem danych osobowych jest: Parvo sp. z.o.o ul. Pocztowa 16, 40-002, Katowice Adres kontaktowy\" \/>\n<meta property=\"og:url\" content=\"http:\/\/noclegi-katowice.com.pl\/index.php\/privacy-policy\/\" \/>\n<meta property=\"og:site_name\" content=\"Hostel Rynek 7\" \/>\n<meta property=\"article:modified_time\" content=\"2025-03-18T07:36:19+00:00\" \/>\n<meta name=\"twitter:card\" content=\"summary_large_image\" \/>\n<meta name=\"twitter:label1\" content=\"Szacowany czas czytania\" \/>\n\t<meta name=\"twitter:data1\" content=\"7 minut\" \/>\n<script type=\"application\/ld+json\" class=\"yoast-schema-graph\">{\"@context\":\"https:\/\/schema.org\",\"@graph\":[{\"@type\":\"WebPage\",\"@id\":\"http:\/\/noclegi-katowice.com.pl\/index.php\/privacy-policy\/\",\"url\":\"http:\/\/noclegi-katowice.com.pl\/index.php\/privacy-policy\/\",\"name\":\"Polityka Prywatno\u015bci - Hostel Rynek 7\",\"isPartOf\":{\"@id\":\"http:\/\/noclegi-katowice.com.pl\/#website\"},\"datePublished\":\"2025-03-18T07:35:57+00:00\",\"dateModified\":\"2025-03-18T07:36:19+00:00\",\"breadcrumb\":{\"@id\":\"http:\/\/noclegi-katowice.com.pl\/index.php\/privacy-policy\/#breadcrumb\"},\"inLanguage\":\"pl-PL\",\"potentialAction\":[{\"@type\":\"ReadAction\",\"target\":[\"http:\/\/noclegi-katowice.com.pl\/index.php\/privacy-policy\/\"]}]},{\"@type\":\"BreadcrumbList\",\"@id\":\"http:\/\/noclegi-katowice.com.pl\/index.php\/privacy-policy\/#breadcrumb\",\"itemListElement\":[{\"@type\":\"ListItem\",\"position\":1,\"name\":\"Strona g\u0142\u00f3wna\",\"item\":\"http:\/\/noclegi-katowice.com.pl\/\"},{\"@type\":\"ListItem\",\"position\":2,\"name\":\"Polityka Prywatno\u015bci\"}]},{\"@type\":\"WebSite\",\"@id\":\"http:\/\/noclegi-katowice.com.pl\/#website\",\"url\":\"http:\/\/noclegi-katowice.com.pl\/\",\"name\":\"Hostel Rynek 7\",\"description\":\"Najlepszy hostel w okolicy\",\"publisher\":{\"@id\":\"http:\/\/noclegi-katowice.com.pl\/#organization\"},\"potentialAction\":[{\"@type\":\"SearchAction\",\"target\":{\"@type\":\"EntryPoint\",\"urlTemplate\":\"http:\/\/noclegi-katowice.com.pl\/?s={search_term_string}\"},\"query-input\":{\"@type\":\"PropertyValueSpecification\",\"valueRequired\":true,\"valueName\":\"search_term_string\"}}],\"inLanguage\":\"pl-PL\"},{\"@type\":\"Organization\",\"@id\":\"http:\/\/noclegi-katowice.com.pl\/#organization\",\"name\":\"Hostel Rynek 7\",\"url\":\"http:\/\/noclegi-katowice.com.pl\/\",\"logo\":{\"@type\":\"ImageObject\",\"inLanguage\":\"pl-PL\",\"@id\":\"http:\/\/noclegi-katowice.com.pl\/#\/schema\/logo\/image\/\",\"url\":\"https:\/\/noclegi-katowice.com.pl\/wp-content\/uploads\/2024\/12\/baner.png\",\"contentUrl\":\"https:\/\/noclegi-katowice.com.pl\/wp-content\/uploads\/2024\/12\/baner.png\",\"width\":480,\"height\":139,\"caption\":\"Hostel Rynek 7\"},\"image\":{\"@id\":\"http:\/\/noclegi-katowice.com.pl\/#\/schema\/logo\/image\/\"}}]}<\/script>\n<!-- \/ Yoast SEO plugin. -->","yoast_head_json":{"title":"Polityka Prywatno\u015bci - Hostel Rynek 7","robots":{"index":"index","follow":"follow","max-snippet":"max-snippet:-1","max-image-preview":"max-image-preview:large","max-video-preview":"max-video-preview:-1"},"canonical":"http:\/\/noclegi-katowice.com.pl\/index.php\/privacy-policy\/","og_locale":"pl_PL","og_type":"article","og_title":"Polityka Prywatno\u015bci - Hostel Rynek 7","og_description":"[vc_row css=&#8221;.vc_custom_1626074544662{margin-bottom: 40px !important;}&#8221;][vc_column][vc_column_text css=&#8221;&#8221;] Polityka prywatno\u015bci opisuje zasady przetwarzania przez nas informacji na Tw\u00f3j temat, w tym danych osobowych oraz ciasteczek, czyli tzw. cookies. 1. Informacje og\u00f3lne Niniejsza polityka dotyczy Serwisu www, funkcjonuj\u0105cego pod adresem url: noclegi-katowice.com.pl Operatorem serwisu oraz Administratorem danych osobowych jest: Parvo sp. z.o.o ul. Pocztowa 16, 40-002, Katowice Adres kontaktowy","og_url":"http:\/\/noclegi-katowice.com.pl\/index.php\/privacy-policy\/","og_site_name":"Hostel Rynek 7","article_modified_time":"2025-03-18T07:36:19+00:00","twitter_card":"summary_large_image","twitter_misc":{"Szacowany czas czytania":"7 minut"},"schema":{"@context":"https:\/\/schema.org","@graph":[{"@type":"WebPage","@id":"http:\/\/noclegi-katowice.com.pl\/index.php\/privacy-policy\/","url":"http:\/\/noclegi-katowice.com.pl\/index.php\/privacy-policy\/","name":"Polityka Prywatno\u015bci - Hostel Rynek 7","isPartOf":{"@id":"http:\/\/noclegi-katowice.com.pl\/#website"},"datePublished":"2025-03-18T07:35:57+00:00","dateModified":"2025-03-18T07:36:19+00:00","breadcrumb":{"@id":"http:\/\/noclegi-katowice.com.pl\/index.php\/privacy-policy\/#breadcrumb"},"inLanguage":"pl-PL","potentialAction":[{"@type":"ReadAction","target":["http:\/\/noclegi-katowice.com.pl\/index.php\/privacy-policy\/"]}]},{"@type":"BreadcrumbList","@id":"http:\/\/noclegi-katowice.com.pl\/index.php\/privacy-policy\/#breadcrumb","itemListElement":[{"@type":"ListItem","position":1,"name":"Strona g\u0142\u00f3wna","item":"http:\/\/noclegi-katowice.com.pl\/"},{"@type":"ListItem","position":2,"name":"Polityka Prywatno\u015bci"}]},{"@type":"WebSite","@id":"http:\/\/noclegi-katowice.com.pl\/#website","url":"http:\/\/noclegi-katowice.com.pl\/","name":"Hostel Rynek 7","description":"Najlepszy hostel w okolicy","publisher":{"@id":"http:\/\/noclegi-katowice.com.pl\/#organization"},"potentialAction":[{"@type":"SearchAction","target":{"@type":"EntryPoint","urlTemplate":"http:\/\/noclegi-katowice.com.pl\/?s={search_term_string}"},"query-input":{"@type":"PropertyValueSpecification","valueRequired":true,"valueName":"search_term_string"}}],"inLanguage":"pl-PL"},{"@type":"Organization","@id":"http:\/\/noclegi-katowice.com.pl\/#organization","name":"Hostel Rynek 7","url":"http:\/\/noclegi-katowice.com.pl\/","logo":{"@type":"ImageObject","inLanguage":"pl-PL","@id":"http:\/\/noclegi-katowice.com.pl\/#\/schema\/logo\/image\/","url":"https:\/\/noclegi-katowice.com.pl\/wp-content\/uploads\/2024\/12\/baner.png","contentUrl":"https:\/\/noclegi-katowice.com.pl\/wp-content\/uploads\/2024\/12\/baner.png","width":480,"height":139,"caption":"Hostel Rynek 7"},"image":{"@id":"http:\/\/noclegi-katowice.com.pl\/#\/schema\/logo\/image\/"}}]}},"_links":{"self":[{"href":"https:\/\/noclegi-katowice.com.pl\/index.php\/wp-json\/wp\/v2\/pages\/676","targetHints":{"allow":["GET"]}}],"collection":[{"href":"https:\/\/noclegi-katowice.com.pl\/index.php\/wp-json\/wp\/v2\/pages"}],"about":[{"href":"https:\/\/noclegi-katowice.com.pl\/index.php\/wp-json\/wp\/v2\/types\/page"}],"author":[{"embeddable":true,"href":"https:\/\/noclegi-katowice.com.pl\/index.php\/wp-json\/wp\/v2\/users\/1"}],"replies":[{"embeddable":true,"href":"https:\/\/noclegi-katowice.com.pl\/index.php\/wp-json\/wp\/v2\/comments?post=676"}],"version-history":[{"count":2,"href":"https:\/\/noclegi-katowice.com.pl\/index.php\/wp-json\/wp\/v2\/pages\/676\/revisions"}],"predecessor-version":[{"id":678,"href":"https:\/\/noclegi-katowice.com.pl\/index.php\/wp-json\/wp\/v2\/pages\/676\/revisions\/678"}],"wp:attachment":[{"href":"https:\/\/noclegi-katowice.com.pl\/index.php\/wp-json\/wp\/v2\/media?parent=676"}],"curies":[{"name":"wp","href":"https:\/\/api.w.org\/{rel}","templated":true}]}}